{"id":189,"date":"2011-05-25T09:19:25","date_gmt":"2011-05-25T08:19:25","guid":{"rendered":"http:\/\/benaissi-v2.pg1.be\/?page_id=189"},"modified":"2011-05-25T16:29:58","modified_gmt":"2011-05-25T14:29:58","slug":"official-administration","status":"publish","type":"page","link":"https:\/\/www.benaissi-avocat.fr\/en\/areas-of-intervention\/ailing-companies\/official-administration\/","title":{"rendered":"Official administration"},"content":{"rendered":"<p>DEPOSER OU NE PAS DEPOSER LE BILAN. INFORMATONS SUCCINTES, POUVANT ETRE COMPLETEES SUR CONSULTATION.<\/p>\n<p><\/p>\n<p>La d\u00e9cision de d\u00e9poser le bilan impose un examen approfondi de la  situation de l&#8217;entreprise, dans les domaines du droit et des chiffres,  en toute objectivit\u00e9, de sorte qu&#8217;il est utile de faire appel \u00e0 des  professionnels sp\u00e9cialis\u00e9s et ext\u00e9rieurs \u00e0 l&#8217;entreprise.<\/p>\n<p><\/p>\n<p><strong>Deciding whether to file for bankruptcy: brief summary (more information available by seeking an opinion)<\/strong><\/p>\n<p><\/p>\n<p>Deciding whether to file for bankruptcy requires a thorough, completely objective analysis of the position of the company in terms of the law and the figures, so the services of specialised professionals from outside the company are useful. According to positive law, a company must file for bankruptcy within forty-five days of suspending payments on penalty of personal bankruptcy (Article L.631.4 of the Trade Code). Not filing for bankruptcy increases the liabilities, creates an irreparable situation condemning the company and, as a result of unpaid bills, brings down sound companies and thereby increases unemployment.<\/p>\n<p><\/p>\n<p>Although Parliament has changed the law since 1967, notably with the Act of 25th January 1985, amended by the Act of 10th June 1994, in order to reduce the ignominy of filing for bankruptcy and make it into a remedy for viable companies, many directors are still frightened to file but, in fact, if filing does not take place too late, the directors are not removed from office and judges, administrators, creditors\u2019 representatives and lawyers can come together to save the company and help the directors make the right decisions that are needed urgently.<\/p>\n<p><\/p>\n<p>Employers are used to overcoming problems and often fight on until the last minute, fearing the \u201chospitalisation\u201d of their company, particularly because there are often painful consequences for their family and business lives, which is why professionals specialising in bankruptcy proceedings are very sensitive to the human aspects of the case.<\/p>\n<p><\/p>\n<p><strong>The firm therefore advises, assists and represents company directors in the context of the various company recovery methods: continuing to trade, selling the business in whole or in part and also official liquidation.<\/strong><\/p>\n<p><img decoding=\"async\" src=\"\/wp-content\/uploads\/images\/ligne-separation-bleue.png\" height=\"1\" width=\"600\"><\/p>\n<p><img decoding=\"async\" title=\"d\u00e9p\u00f4t de bilan\" alt=\"redressement judiciaire\" style=\"display: block; margin-left: auto; margin-right: auto;\" src=\"\/wp-content\/uploads\/images\/redressement-judiciaire.jpg\" height=\"345\" width=\"658\"><br \/><\/strong><\/p>\n","protected":false},"excerpt":{"rendered":"<p>DEPOSER OU NE PAS DEPOSER LE BILAN. INFORMATONS SUCCINTES, POUVANT ETRE COMPLETEES SUR CONSULTATION. La d\u00e9cision de d\u00e9poser le bilan impose un examen approfondi de la situation de l&#8217;entreprise, dans les domaines du droit et des chiffres, en toute objectivit\u00e9, de sorte qu&#8217;il est utile de faire appel \u00e0 des professionnels sp\u00e9cialis\u00e9s et ext\u00e9rieurs \u00e0 &hellip;<\/p>\n","protected":false},"author":2,"featured_media":0,"parent":185,"menu_order":2,"comment_status":"closed","ping_status":"closed","template":"","meta":{"footnotes":""},"class_list":["post-189","page","type-page","status-publish",""],"_links":{"self":[{"href":"https:\/\/www.benaissi-avocat.fr\/en\/wp-json\/wp\/v2\/pages\/189","targetHints":{"allow":["GET"]}}],"collection":[{"href":"https:\/\/www.benaissi-avocat.fr\/en\/wp-json\/wp\/v2\/pages"}],"about":[{"href":"https:\/\/www.benaissi-avocat.fr\/en\/wp-json\/wp\/v2\/types\/page"}],"author":[{"embeddable":true,"href":"https:\/\/www.benaissi-avocat.fr\/en\/wp-json\/wp\/v2\/users\/2"}],"replies":[{"embeddable":true,"href":"https:\/\/www.benaissi-avocat.fr\/en\/wp-json\/wp\/v2\/comments?post=189"}],"version-history":[{"count":1,"href":"https:\/\/www.benaissi-avocat.fr\/en\/wp-json\/wp\/v2\/pages\/189\/revisions"}],"predecessor-version":[{"id":190,"href":"https:\/\/www.benaissi-avocat.fr\/en\/wp-json\/wp\/v2\/pages\/189\/revisions\/190"}],"up":[{"embeddable":true,"href":"https:\/\/www.benaissi-avocat.fr\/en\/wp-json\/wp\/v2\/pages\/185"}],"wp:attachment":[{"href":"https:\/\/www.benaissi-avocat.fr\/en\/wp-json\/wp\/v2\/media?parent=189"}],"curies":[{"name":"wp","href":"https:\/\/api.w.org\/{rel}","templated":true}]}}