{"id":226,"date":"2011-05-30T10:41:36","date_gmt":"2011-05-30T08:41:36","guid":{"rendered":"http:\/\/benaissi-v2.pg1.be\/?page_id=226"},"modified":"2013-11-19T17:39:48","modified_gmt":"2013-11-19T15:39:48","slug":"legal-information-benaissi","status":"publish","type":"page","link":"https:\/\/www.benaissi-avocat.fr\/en\/legal-information-benaissi\/","title":{"rendered":"General conditions applying to use of the site"},"content":{"rendered":"<p><b>LEGAL INFORMATION<\/b><\/p>\n<p><b>Identification<\/b><\/p>\n<p>The site is published by Isma\u00efl Benaissi, whose firm\u2019s offices are at 6 avenue Mac Mahon, 75017 Paris.<\/p>\n<p><b>Acceptance of the general conditions of use<\/b><\/p>\n<p>Anyone accessing the site must read these general conditions of use before consulting the information presented on the site, so anyone consulting site pages after reading this page is deemed to have acknowledged these conditions.<\/p>\n<p><b>Purpose of the site<\/b><\/p>\n<p>The site is intended to provide information on Isma\u00efl Benaissi\u2019s activities in the legal and tax fields. The work of French advocates is strictly regulated and supervised by the French Bar Council. This site is not intended to supply, in any way whatsoever, personalised legal or tax advice or to provide opinions on individual cases in these fields. Anyone seeking such information must seek advice from an advocate familiar with the general issues submitted by the client. Advocates are not permitted to offer legal opinions on individual cases on line under the ethical rules applicable to their profession, so users acknowledge that they have been fully informed that the contents of this site are not intended in any way whatsoever to :<\/p>\n<ul>\n<li>provide legal or tax advice;<\/li>\n<\/ul>\n<ul>\n<li>offer an opinion on the chances of success of any action;<\/li>\n<\/ul>\n<ul>\n<li>resolve any dispute;<\/li>\n<\/ul>\n<ul>\n<li>replace the opinions, advice or recommendations of any member of the legal profession.<\/li>\n<\/ul>\n<p>None of the information contained on the site constitutes in any way an offer to enter into a contractual arrangement, to buy or to sell. All the contents are provided solely for information and Isma\u00efl Bena\u00efssi does not give any guarantee that they are accurate, up-to-date or exhaustive. He may not be held liable in the event of alleged or proven prejudice resulting directly or indirectly from consultation or use of the site contents.<\/p>\n<p><b>General advice and opinions provided by experts<\/b><\/p>\n<p>General opinions provided by experts and of potential interest to users may be reproduced on the site. Information contained on the site and referred to as constituting expert opinions or accessible via hypertext links must be regarded solely as the expression of the opinions of the experts from whom they originate. Isma\u00efl Benaissi does not endorse or approve such opinions or guarantee the accuracy thereof under any circumstances. Should such information prove to be inaccurate or incomplete or prejudice user or third party rights in any way whatsoever, Isma\u00efl Benaissi may not be held liable on any basis whatsoever.<\/p>\n<p><b>Liability<\/b><\/p>\n<p>Isma\u00efl Benaissi may not be held liable for direct or indirect prejudice of any nature whatsoever resulting from accessing or using the site or the contents thereof. He disclaims all liability in respect of the appropriateness of decisions made by users solely on the basis of the information published on the site and the procedures used to implement such decisions. He also disclaims all liability in the event of prejudice suffered by users notably as a result of files being lost, damaged or altered or viruses being transmitted and infecting their computer equipment or any other property in the course of connecting to the site and\/or consulting and\/or using it.<\/p>\n<p><b>Guarantees<\/b><\/p>\n<p>All users guarantee Isma\u00efl Benaissi and all those involved in designing, producing and distributing the site for any claims, liability, expenses and costs resulting from a breach of these general conditions of use or relating to use of the site.<\/p>\n<p>All information and data transmitted by users are provided on their sole responsibility and they undertake to guarantee and indemnify Isma\u00efl Bena\u00efssi for any resulting direct or indirect prejudice. In particular, users undertake to refrain from using any message boards to make unlawful remarks or remarks that bear no relation to the purpose of the service offered by the site.<\/p>\n<p>Isma\u00efl Benaissi makes every effort to offer up-to-date information on his site but all the information provided has been selected on a given date so the site contents reflect opinions at the time when they are put on line rather than when the site is consulted and may require amendment or updating, which may have been impossible on the date of consultation for technical or other reasons. Isma\u00efl Bena\u00efssi may not be held liable for any error or omission. All updates, new services and new characteristics improving or augmenting one or more existing services will be subject to the present conditions.<\/p>\n<p><b>Site access<\/b><\/p>\n<p>Isma\u00efl Benaissi reserves the right to cancel, modify, suspend, restrict or interrupt access to the site in whole or in part, including the contents, functions and availability times, without prior notice.<\/p>\n<p><b>Hypertext links<\/b><\/p>\n<p>The site may offer links (surface or deep) to other sites, which are independent from the site unless otherwise stated. Such links do not constitute approval or a partnership between Isma\u00efl Benaissi and these sites under any circumstances. Accordingly, Isma\u00efl Benaissi may not be held liable for their contents, products, advertisements or any elements or services presented by these sites.<\/p>\n<p>All hypertext links of any nature whatsoever providing access to the site or any of the pages or elements thereof require Isma\u00efl Bena\u00efssi\u2019s prior permission in writing.<\/p>\n<p>Pages from the site must not be interwoven with another site\u2019s pages under any circumstances. All steps must be taken to indicate clearly to users that they are on the site and to enable them to browse freely. In any event, Isma\u00efl Benaissi is not liable in any way for links made to his site.<\/p>\n<p><b>Intangible property<\/b><\/p>\n<p>This site has been designed and produced by <a href=\"http:\/\/www.referencement-site-pro.com\">R\u00e9f\u00e9rencement Page 1<\/a>.<\/p>\n<p>The site, notably all visuals, whether registered as trade marks or on any other basis and whether accompanied by the symbols TM, \u00ae or \u00a9 or not, and the presentation and contents of all articles, press reviews and, more generally, any information presented on the site, is the exclusive property of Isma\u00efl Benaissi or the third parties with whom he has concluded agreements for the dissemination thereof. Users do not have the right to reproduce, disseminate or, more generally, use them via any means whatsoever without Isma\u00efl Benaissi\u2019s explicit, prior consent in writing. Any use of data or information originating from the www.benaissi.com site must specify Isma\u00efl Bena\u00efssi as the information source and his formal permission in writing must be obtained in advance. Isma\u00efl Benaissi\u2019s name and logo constitute a protected registered trade mark. Anyone wishing to use his name and\/or logo must obtain his prior permission in advance, otherwise the user runs the risk of criminal prosecution.<\/p>\n<p><b>Modifications to the general conditions of use<\/b><\/p>\n<p>Like many firms, Isma\u00efl Benaissi endeavours to improve his site regularly and to personalise the site for visitors to make it as effective as possible, so he reserves the right to modify and update the present general conditions of use at any time and without prior notice. Users are therefore advised to refer regularly to the latest version of these conditions.<\/p>\n<p><b>CONFIDENTIALITY CHARTER<\/b><\/p>\n<p>The purpose of this charter is to inform users of the website of the type of data that Isma\u00efl Benaissi may collect during their visits and how such data will be used.<\/p>\n<p>Isma\u00efl Benaissi undertakes to respect the confidentiality of data collected during visits to his website. He has given the host of his site responsibility for collecting data on users of his site. The host has signed a specific agreement with him on the confidentiality of the data that it collects and it is obliged to observe all the principles set out in the present confidentiality charter and to use the data that it collects solely for the purposes defined by Isma\u00efl Benaissi.<\/p>\n<p>Data are either collected automatically during website visits or supplied voluntarily by site users completing forms.<\/p>\n<p><b>Automatically collected data<\/b><\/p>\n<p>During visits to his website, Isma\u00efl Benaissi collects the following data automatically:<\/p>\n<ul>\n<li>the Internet address (URLs) of any website from which the user accesses the site via a hypertext link;<\/li>\n<\/ul>\n<ul>\n<li>the date, time and duration of the visit to the site and the pages consulted by the user;<\/li>\n<\/ul>\n<ul>\n<li>the site user\u2019s Internet access domain and server (host);<\/li>\n<\/ul>\n<ul>\n<li>the user\u2019s Internet protocol (IP) address;<\/li>\n<\/ul>\n<ul>\n<li>the user\u2019s computer operating system and browser.<\/li>\n<\/ul>\n<p>The data listed above are not stored by Isma\u00efl Benaissi and are not kept beyond the period of the user\u2019s connection.<\/p>\n<p>You are also informed that cookies may be recorded in your computer memory. Cookies are data sent by websites to users\u2019 browsers and stored on their systems. They cannot identify users and solely record data on visits using their computers to the website concerned (pages consulted, dates and times of visits, URL of the site that the user has just visited, browser used, IP address, etc), which can be read during subsequent user visits and compiled and analysed as general information to improve the site presentation and contents.<\/p>\n<p>Further information about cookies is available at Microsoft\u2019s site at the following address: <a href=\"http:\/\/www.microsoft.com\/info\/cookies.aspx.\">http:\/\/www.microsoft.com\/info\/cookies.aspx.<\/a><\/p>\n<p>Any cookies stored in users\u2019 computer memory by Isma\u00efl Bena\u00efssi are kept for one year.<\/p>\n<p>You can prevent cookies being recorded on your computer by configuring your browser as follows:<\/p>\n<ul>\n<li>If you use Internet Explorer (Microsoft): in the \u201cTools\u201d menu, click on \u201cInternet options\u201d, then \u201cSecurity\u201d and then \u201cCustom level\u201d. You can choose to deactivate session cookies and cookies stored on your computer.<\/li>\n<\/ul>\n<ul>\n<li>If you use Navigator (Netscape): click on \u201cOptions\u201d, then \u201cNetwork preferences\u201d and then \u201cProtocols\u201d. The first of the warnings that can be activated is \u201cWarn me before accepting a cookie\u201d. You will then be warned of incoming cookies so you can prevent them from being recorded.<\/li>\n<\/ul>\n<p>However, if you deactivate cookies, certain functions or pages of the www.benaissi.com site may not be accessible.<\/p>\n<p><b>Data provided voluntarily by users<\/b><\/p>\n<p>In order to use certain functions of the site, you must complete a form by supplying personal information such as your contact details or e-mail address. Each form specifically states whether each item of data requested is mandatory or optional and the consequences of refusing to supply the data concerned. Isma\u00efl Benaissi uses personal data solely for the purposes stated on each form. Users\u2019 explicit permission is always requested if Isma\u00efl Bena\u00efssi proposes to provide or transfer personal data collected via a form to a third party.<\/p>\n<p>Data supplied by users to Isma\u00efl Benaissi are not commercialised in any way under any circumstances. Such data are not transmitted on any basis or for any reason whatsoever to third parties other than the site host solely for the purposes of the hosting service.<\/p>\n<p>Users are informed that the personal data that they supply to Isma\u00efl Benaissi are not in any way correlated with data collected automatically when they visit his site.<\/p>\n<p>In accordance with the 1978 French Data Protection Act, users explicitly and specifically authorise Isma\u00efl Bena\u00efssi to process their personal data in any way. Users also have the right to access, amend, correct and delete such data<br \/>\nand can exercise each of these rights at any time via the following procedures:<\/p>\n<ul>\n<li>by post, by writing to Isma\u00efl Benaissi at the following address: 6 avenue Mac Mahon, 75017 Paris;<\/li>\n<\/ul>\n<ul>\n<li>by e-mail, by writing to Isma\u00efl Benaissi at the following address: i.benaissi@neuf.fr.<\/li>\n<\/ul>\n","protected":false},"excerpt":{"rendered":"<p>LEGAL INFORMATION Identification The site is published by Isma\u00efl Benaissi, whose firm\u2019s offices are at 6 avenue Mac Mahon, 75017 Paris. Acceptance of the general conditions of use Anyone accessing the site must read these general conditions of use before consulting the information presented on the site, so anyone consulting site pages after reading this &hellip;<\/p>\n","protected":false},"author":2,"featured_media":0,"parent":0,"menu_order":5,"comment_status":"closed","ping_status":"closed","template":"","meta":{"footnotes":""},"class_list":["post-226","page","type-page","status-publish",""],"_links":{"self":[{"href":"https:\/\/www.benaissi-avocat.fr\/en\/wp-json\/wp\/v2\/pages\/226","targetHints":{"allow":["GET"]}}],"collection":[{"href":"https:\/\/www.benaissi-avocat.fr\/en\/wp-json\/wp\/v2\/pages"}],"about":[{"href":"https:\/\/www.benaissi-avocat.fr\/en\/wp-json\/wp\/v2\/types\/page"}],"author":[{"embeddable":true,"href":"https:\/\/www.benaissi-avocat.fr\/en\/wp-json\/wp\/v2\/users\/2"}],"replies":[{"embeddable":true,"href":"https:\/\/www.benaissi-avocat.fr\/en\/wp-json\/wp\/v2\/comments?post=226"}],"version-history":[{"count":7,"href":"https:\/\/www.benaissi-avocat.fr\/en\/wp-json\/wp\/v2\/pages\/226\/revisions"}],"predecessor-version":[{"id":464,"href":"https:\/\/www.benaissi-avocat.fr\/en\/wp-json\/wp\/v2\/pages\/226\/revisions\/464"}],"wp:attachment":[{"href":"https:\/\/www.benaissi-avocat.fr\/en\/wp-json\/wp\/v2\/media?parent=226"}],"curies":[{"name":"wp","href":"https:\/\/api.w.org\/{rel}","templated":true}]}}